{"id":2,"date":"2016-05-10T03:48:21","date_gmt":"2016-05-10T03:48:21","guid":{"rendered":"http:\/\/bezcimimarlik.com\/?page_id=2"},"modified":"2020-10-19T08:36:25","modified_gmt":"2020-10-19T05:36:25","slug":"sample-page","status":"publish","type":"page","link":"http:\/\/bezcimimarlik.com\/?page_id=2","title":{"rendered":"\u0130leti\u015fim"},"content":{"rendered":"\n<p>Bezci Mimarl\u0131k<\/p>\n\n\n\n<p>Limanreis Mh. Ata Sk. No:4 Narl\u0131dere &#8211; \u0130zmir <\/p>\n\n\n\n<p>0 (232) 234 10 11<\/p>\n\n\n\n<p>info@bezcimimarlik.com<\/p>\n\n\n\n<p><\/p>\n","protected":false},"excerpt":{"rendered":"<p>Bezci Mimarl\u0131k Limanreis Mh. Ata Sk. No:4 Narl\u0131dere &#8211; \u0130zmir 0 (232) 234 10 11 info@bezcimimarlik.com<\/p>\n","protected":false},"author":1,"featured_media":0,"parent":0,"menu_order":0,"comment_status":"closed","ping_status":"closed","template":"","meta":{"footnotes":""},"class_list":["post-2","page","type-page","status-publish","hentry"],"_links":{"self":[{"href":"http:\/\/bezcimimarlik.com\/index.php?rest_route=\/wp\/v2\/pages\/2","targetHints":{"allow":["GET"]}}],"collection":[{"href":"http:\/\/bezcimimarlik.com\/index.php?rest_route=\/wp\/v2\/pages"}],"about":[{"href":"http:\/\/bezcimimarlik.com\/index.php?rest_route=\/wp\/v2\/types\/page"}],"author":[{"embeddable":true,"href":"http:\/\/bezcimimarlik.com\/index.php?rest_route=\/wp\/v2\/users\/1"}],"replies":[{"embeddable":true,"href":"http:\/\/bezcimimarlik.com\/index.php?rest_route=%2Fwp%2Fv2%2Fcomments&post=2"}],"version-history":[{"count":7,"href":"http:\/\/bezcimimarlik.com\/index.php?rest_route=\/wp\/v2\/pages\/2\/revisions"}],"predecessor-version":[{"id":96,"href":"http:\/\/bezcimimarlik.com\/index.php?rest_route=\/wp\/v2\/pages\/2\/revisions\/96"}],"wp:attachment":[{"href":"http:\/\/bezcimimarlik.com\/index.php?rest_route=%2Fwp%2Fv2%2Fmedia&parent=2"}],"curies":[{"name":"wp","href":"https:\/\/api.w.org\/{rel}","templated":true}]}}