{"id":87,"date":"2020-07-07T07:16:26","date_gmt":"2020-07-07T04:16:26","guid":{"rendered":"http:\/\/bezcimimarlik.com\/?page_id=87"},"modified":"2021-06-13T08:13:15","modified_gmt":"2021-06-13T05:13:15","slug":"hakkimizda","status":"publish","type":"page","link":"http:\/\/bezcimimarlik.com\/?page_id=87","title":{"rendered":"Hakk\u0131m\u0131zda"},"content":{"rendered":"\n<p>Bezci Mimarl\u0131k olarak, birinci s\u0131n\u0131f mimarinin u\u00e7suz bucaks\u0131z denizinde g\u00fcvenle geziniyor ve d\u00fcnyan\u0131n d\u00f6rt bir yan\u0131nda benzersiz \u00f6zel ve kamusal alanlarla miras\u0131n\u0131 zenginle\u015ftiriyoruz.&nbsp;Ay\u0131rt edici sesimiz ve bilgi birikimimiz, cesur fikirleri modern teknolojiyle birle\u015ftirmemizi ve her m\u00fc\u015fterinin isteklerine g\u00f6re uyarlamam\u0131z\u0131 sa\u011fl\u0131yor.<\/p>\n\n\n\n<p>Bezci Mimarl\u0131k konseptimiz, geleneksel i\u00e7 tasar\u0131m konseptinin \u00f6tesine ge\u00e7er.&nbsp;Tasar\u0131m\u0131m\u0131zda l\u00fcks konutlar ve ticari i\u00e7 mekanlarda k\u00fclt\u00fcrel fark\u0131ndal\u0131k ve zeka ile i\u00e7 i\u00e7e ge\u00e7mi\u015f en ileri mimari uzmanl\u0131\u011f\u0131m\u0131z\u0131 sunuyoruz.&nbsp;Ekibimiz yetenekli ve deneyimli mimarlar ve i\u00e7 mimarlardan, \u00f6zel yap\u0131m mobilya ve aksesuarlar yaratmada usta yetenekli ustalardan ve imkans\u0131z\u0131 m\u00fcmk\u00fcn k\u0131lmak i\u00e7in istekli teknik beyinlerden olu\u015fmaktad\u0131r.<\/p>\n\n\n\n<p>Bezci Mimarl\u0131k\u2019da ba\u015f mimar ve \u015firket kurucusu ben Feridun Bezci ve ekibimin yetene\u011fi m\u00fc\u015fterilerimizin d\u00fcnyas\u0131nda onlar\u0131n istekleri y\u00f6n\u00fcne ad\u0131m atmadaki yetene\u011fimiz ve ayr\u0131nt\u0131lardaki a\u015f\u0131r\u0131 dikkatimiz sayesinde l\u00fcks\u00fcn lezzetini, ak\u0131ll\u0131 ve \u00e7ok be\u011fenilen mimariye cesurca enjekte etme konusunda uzmanla\u015fm\u0131\u015ft\u0131r.<\/p>\n","protected":false},"excerpt":{"rendered":"<p>Bezci Mimarl\u0131k olarak, birinci s\u0131n\u0131f mimarinin u\u00e7suz bucaks\u0131z denizinde g\u00fcvenle geziniyor ve d\u00fcnyan\u0131n d\u00f6rt bir yan\u0131nda benzersiz \u00f6zel ve kamusal alanlarla miras\u0131n\u0131 zenginle\u015ftiriyoruz.&nbsp;Ay\u0131rt edici sesimiz ve bilgi birikimimiz, cesur fikirleri modern teknolojiyle birle\u015ftirmemizi ve her m\u00fc\u015fterinin isteklerine g\u00f6re uyarlamam\u0131z\u0131 sa\u011fl\u0131yor. Bezci Mimarl\u0131k konseptimiz, geleneksel i\u00e7 tasar\u0131m konseptinin \u00f6tesine ge\u00e7er.&nbsp;Tasar\u0131m\u0131m\u0131zda l\u00fcks konutlar ve ticari i\u00e7 mekanlarda &hellip; <\/p>\n<p class=\"link-more\"><a href=\"http:\/\/bezcimimarlik.com\/?page_id=87\" class=\"more-link\">Okumaya devam et<span class=\"screen-reader-text\"> &#8220;Hakk\u0131m\u0131zda&#8221;<\/span><\/a><\/p>\n","protected":false},"author":1,"featured_media":0,"parent":0,"menu_order":0,"comment_status":"closed","ping_status":"closed","template":"","meta":{"footnotes":""},"class_list":["post-87","page","type-page","status-publish","hentry"],"_links":{"self":[{"href":"http:\/\/bezcimimarlik.com\/index.php?rest_route=\/wp\/v2\/pages\/87","targetHints":{"allow":["GET"]}}],"collection":[{"href":"http:\/\/bezcimimarlik.com\/index.php?rest_route=\/wp\/v2\/pages"}],"about":[{"href":"http:\/\/bezcimimarlik.com\/index.php?rest_route=\/wp\/v2\/types\/page"}],"author":[{"embeddable":true,"href":"http:\/\/bezcimimarlik.com\/index.php?rest_route=\/wp\/v2\/users\/1"}],"replies":[{"embeddable":true,"href":"http:\/\/bezcimimarlik.com\/index.php?rest_route=%2Fwp%2Fv2%2Fcomments&post=87"}],"version-history":[{"count":2,"href":"http:\/\/bezcimimarlik.com\/index.php?rest_route=\/wp\/v2\/pages\/87\/revisions"}],"predecessor-version":[{"id":98,"href":"http:\/\/bezcimimarlik.com\/index.php?rest_route=\/wp\/v2\/pages\/87\/revisions\/98"}],"wp:attachment":[{"href":"http:\/\/bezcimimarlik.com\/index.php?rest_route=%2Fwp%2Fv2%2Fmedia&parent=87"}],"curies":[{"name":"wp","href":"https:\/\/api.w.org\/{rel}","templated":true}]}}